{"id":682,"date":"2023-01-09T22:41:33","date_gmt":"2023-01-09T22:41:33","guid":{"rendered":"https:\/\/radingames.com\/?page_id=682"},"modified":"2023-01-09T22:48:13","modified_gmt":"2023-01-09T22:48:13","slug":"galacticon-kit-de-prensa","status":"publish","type":"page","link":"https:\/\/radingames.com\/index.php\/galacticon-kit-de-prensa\/","title":{"rendered":"Galacticon &#8211; Kit de prensa"},"content":{"rendered":"\t\t<div data-elementor-type=\"wp-page\" data-elementor-id=\"682\" class=\"elementor elementor-682\">\n\t\t\t\t\t\t<section class=\"elementor-section elementor-top-section elementor-element elementor-element-b335707 elementor-section-boxed elementor-section-height-default elementor-section-height-default\" data-id=\"b335707\" data-element_type=\"section\" data-e-type=\"section\">\n\t\t\t\t\t\t<div class=\"elementor-container elementor-column-gap-default\">\n\t\t\t\t\t<div class=\"elementor-column elementor-col-100 elementor-top-column elementor-element elementor-element-dbb505c\" data-id=\"dbb505c\" data-element_type=\"column\" data-e-type=\"column\">\n\t\t\t<div class=\"elementor-widget-wrap elementor-element-populated\">\n\t\t\t\t\t\t<div class=\"elementor-element elementor-element-feddfb2 elementor-widget elementor-widget-heading\" data-id=\"feddfb2\" data-element_type=\"widget\" data-e-type=\"widget\" data-widget_type=\"heading.default\">\n\t\t\t\t<div class=\"elementor-widget-container\">\n\t\t\t\t\t<h2 class=\"elementor-heading-title elementor-size-default\">Galacticon - Kit de prensa<\/h2>\t\t\t\t<\/div>\n\t\t\t\t<\/div>\n\t\t\t\t\t<\/div>\n\t\t<\/div>\n\t\t\t\t\t<\/div>\n\t\t<\/section>\n\t\t\t\t<section class=\"elementor-section elementor-top-section elementor-element elementor-element-80e3e0d elementor-section-boxed elementor-section-height-default elementor-section-height-default\" data-id=\"80e3e0d\" data-element_type=\"section\" data-e-type=\"section\">\n\t\t\t\t\t\t<div class=\"elementor-container elementor-column-gap-default\">\n\t\t\t\t\t<div class=\"elementor-column elementor-col-100 elementor-top-column elementor-element elementor-element-474a77a\" data-id=\"474a77a\" data-element_type=\"column\" data-e-type=\"column\">\n\t\t\t<div class=\"elementor-widget-wrap elementor-element-populated\">\n\t\t\t\t\t\t<div class=\"elementor-element elementor-element-825a295 elementor-widget elementor-widget-text-editor\" data-id=\"825a295\" data-element_type=\"widget\" data-e-type=\"widget\" data-widget_type=\"text-editor.default\">\n\t\t\t\t<div class=\"elementor-widget-container\">\n\t\t\t\t\t\t\t\t\t<table border=\"0\" width=\"500\" cellspacing=\"0\" cellpadding=\"0\"><tbody><tr><td valign=\"top\" width=\"137\"><div dir=\"ltr\"><div><p>\u00a0<\/p><table border=\"0\" width=\"500\" cellspacing=\"0\" cellpadding=\"0\"><tbody><tr><td valign=\"top\" width=\"137\"><div dir=\"ltr\"><div><div><div><div><span style=\"font-family: arial, sans-serif; color: #ffffff;\">\u00a1Hola!<\/span><\/div><div><span style=\"color: #ffffff; font-family: arial, sans-serif;\">Queremos presentaros nuestro nuevo juego\u00a0<b>Galacticon,<\/b> lanzado hace s\u00f3lo unos meses en <b>Nintendo Switch y Steam.<\/b><\/span><\/div><div><span style=\"color: #ffffff; font-family: arial, sans-serif;\">Tras la gran acogida y mejores cr\u00edticas que el juego est\u00e1 recibiendo en su lanzamiento, y viendo que vuestro medio\u00a0no tiene una cr\u00edtica para Galacticon, estar\u00edamos encantados si aceptarais una\u00a0<b>key<\/b>\u00a0para hacerle un an\u00e1lisis, cr\u00edtica, menci\u00f3n o lo que tuvierais en bien.<\/span><\/div><\/div><\/div><div><span style=\"color: #ffffff; font-family: arial, sans-serif;\">\u00a0<\/span><\/div><div><span style=\"color: #ffffff;\"><b><span style=\"font-family: arial, sans-serif;\">Juego:<\/span><\/b><\/span><\/div><p><span style=\"color: #ffffff; font-family: arial, sans-serif;\">Galacticon es un video juego con el &#8220;feeling&#8221; real de las m\u00e1quinas recreativas de principios de los 80, con una inspiraci\u00f3n clara en los cl\u00e1sicos de &#8220;Williams&#8221; como &#8220;Defender&#8221; o &#8220;Joust&#8221;, con la jugabilidad del legendario &#8220;Jetpac&#8221;, y con toques de &#8220;puzzle&#8221; para poder conseguir m\u00e1s bonificaciones e ingresar tu puntuaci\u00f3n en la tabla local de r\u00e9cords o incluso en la tabla mundial a trav\u00e9s de lectura de c\u00f3digos QR.<\/span><\/p><\/div><\/div><\/td><\/tr><\/tbody><\/table><\/div><div>\u00a0<\/div><div><span style=\"color: #000000; font-family: arial, sans-serif;\"><span style=\"color: #ffffff;\"><u><span style=\"font-size: small;\"><strong><span style=\"color: #ffff00;\">Key para reviews<\/span><\/strong><\/span><\/u><span style=\"font-size: small;\"><strong>: <\/strong><\/span><\/span><\/span><span style=\"color: #000000; font-family: arial, sans-serif;\"><span style=\"color: #ffffff;\">Por favor, escr\u00edbenos a <\/span><a href=\"mailto:press@flynnsarcades.com\" target=\"_blank\" rel=\"noopener\">press@flynnsarcades.com\u00a0<\/a><\/span><span style=\"color: #ffffff; font-family: arial, sans-serif; font-size: inherit;\">e inmediata y muy gustosamente os mandaremos una key del juego en el sistema que prefir\u00e1is.<\/span><\/div><div>\u00a0<\/div><div><span style=\"color: #000000; font-family: arial, sans-serif;\"><span style=\"color: #ffffff;\"><img fetchpriority=\"high\" decoding=\"async\" src=\"http:\/\/radingames.com\/wp-content\/uploads\/2022\/04\/Galacticon_Prize.jpg\" alt=\"\" width=\"636\" height=\"900\" \/><\/span><\/span><\/div><\/div><div><div><div>\u00a0<\/div><div><span style=\"font-family: arial, sans-serif;\"><b>Caracter\u00edsticas:<\/b>\u00a0<\/span><ul><li><span style=\"font-family: arial, sans-serif;\">Jugabilidad incre\u00edble.<\/span><\/li><li><span style=\"font-family: arial, sans-serif;\">Acci\u00f3n directa y fren\u00e9tica<\/span><\/li><li><span style=\"font-family: arial, sans-serif;\">Est\u00e9tica estilo 8 bits.<\/span><\/li><li><span style=\"font-family: arial, sans-serif;\">Niveles infinitos con una curva creciente de dificultad.<\/span><\/li><li><span style=\"font-family: arial, sans-serif;\">Control extremadamente preciso.<\/span><\/li><li><span style=\"font-family: arial, sans-serif;\">F\u00e1cil de jugar, dif\u00edcil de dominar.<\/span><\/li><li><span style=\"font-family: arial, sans-serif;\">Optimizado para m\u00e1quinas recreativas y mandos arcade.<\/span><\/li><li><span style=\"font-family: arial, sans-serif;\">&#8220;Secret Bonus&#8221; en cada nivel.<\/span><\/li><li><span style=\"font-family: arial, sans-serif;\">Tabla de r\u00e9cords global a trav\u00e9s de lectura de c\u00f3digos QR.<br \/><\/span><\/li><\/ul><\/div><div>\u00a0<\/div><div><span style=\"font-family: arial, sans-serif;\"><b>Algunos datos:<\/b>\u00a0\u00a0<\/span><\/div><\/div><div><ul><li><span style=\"font-family: arial, sans-serif;\"><span style=\"color: #ffffff;\">Nintendo EU eShop:<\/span>\u00a0<span style=\"font-size: small;\"><a href=\"https:\/\/www.nintendo.es\/Juegos\/Programas-descargables-Nintendo-Switch\/Galacticon-2207059.html\" target=\"_blank\" rel=\"noopener\" data-saferedirecturl=\"https:\/\/www.google.com\/url?q=https:\/\/www.nintendo.es\/Juegos\/Programas-descargables-Nintendo-Switch\/Galacticon-2207059.html&amp;source=gmail&amp;ust=1673374098798000&amp;usg=AOvVaw1zzjt303-xilXbTUOZmaXI\">LINK<\/a><\/span><\/span><\/li><li><span style=\"font-family: arial, sans-serif;\"><span style=\"color: #ffffff;\">Nintendo US eShop:<\/span>\u00a0<a href=\"https:\/\/www.nintendo.com\/store\/products\/galacticon-switch\/\" target=\"_blank\" rel=\"noopener\" data-saferedirecturl=\"https:\/\/www.google.com\/url?q=https:\/\/www.nintendo.com\/store\/products\/galacticon-switch\/&amp;source=gmail&amp;ust=1673374098798000&amp;usg=AOvVaw3q6U5iM8J4l3l6qmS9G8nH\">LINK<\/a><\/span><\/li><li><span style=\"color: #ffffff;\">Steam Store:<\/span> <span style=\"font-family: arial, sans-serif; font-size: small;\"><a href=\"https:\/\/store.steampowered.com\/app\/1737980\/Galacticon\/?l=spanish\" target=\"_blank\" rel=\"noopener\" data-saferedirecturl=\"https:\/\/www.google.com\/url?q=https:\/\/store.steampowered.com\/app\/1737980\/Galacticon\/?l%3Dspanish&amp;source=gmail&amp;ust=1673374469302000&amp;usg=AOvVaw1AIi-LFh8OQKrmr1Afn9aC\">LINK<\/a><\/span><\/li><li><span style=\"color: #000000; font-family: arial, sans-serif;\"><span style=\"color: #ffffff;\">Developer:<\/span><a href=\"https:\/\/www.radingames.com\/\" target=\"_blank\" rel=\"noopener\" data-saferedirecturl=\"https:\/\/www.google.com\/url?q=https:\/\/www.radingames.com\/&amp;source=gmail&amp;ust=1673374469302000&amp;usg=AOvVaw04pz6JalWiwzXc07v-Weed\">Radin Games<\/a><br \/><\/span><\/li><li><span style=\"color: #000000; font-family: arial, sans-serif;\"><span style=\"color: #ffffff;\">Publisher:<\/span><a href=\"http:\/\/www.flynnsarcades.com\/\" target=\"_blank\" rel=\"noopener\" data-saferedirecturl=\"https:\/\/www.google.com\/url?q=http:\/\/www.flynnsarcades.com\/&amp;source=gmail&amp;ust=1673374469302000&amp;usg=AOvVaw0Rss2Hc-YnbxHmwhe2DLwY\">Flynn&#8217;s Arcade<\/a><span style=\"color: #ffffff;\">(America &amp; Europe),<\/span><a href=\"https:\/\/pikii.shop\/\" target=\"_blank\" rel=\"noopener\" data-saferedirecturl=\"https:\/\/www.google.com\/url?q=https:\/\/pikii.shop\/&amp;source=gmail&amp;ust=1673374469302000&amp;usg=AOvVaw3XHmSiIOxp3m1Y_f9sRPZ_\">Pikki<\/a><span style=\"color: #ffffff;\">(Asia)<\/span><br \/><\/span><\/li><li><span style=\"color: #ffffff; font-family: arial, sans-serif;\">Platformas: Nintendo Switch &amp; Steam<br \/><\/span><\/li><li><span style=\"color: #ffffff; font-family: arial, sans-serif;\">Lanzamiento: 22\/05\/2022<\/span><\/li><li><span style=\"font-family: arial, sans-serif; color: #ffffff;\">Precio: 4,99\u20ac\/$, 4,99\u00a3\u00a0<br \/><\/span><\/li><li><span style=\"font-family: arial, sans-serif; color: #ffffff;\">Idiomas: English, Korean, Japanese &amp; Chinese (fully dubbed)<br \/><\/span><\/li><li><span style=\"font-family: arial, sans-serif; color: #ffffff;\">Age rating: todos los p\u00fablicos<br \/><\/span><\/li><li><span style=\"font-family: arial, sans-serif;\"><span style=\"font-family: arial, sans-serif;\"><span style=\"color: #ffffff;\">Contacto de prensa :<\/span><a href=\"mailto:press@flynnsarcades.com\" target=\"_blank\" rel=\"noopener\">press@<wbr \/>flynnsarcades.com<\/a><\/span><\/span><\/li><li><span style=\"font-family: arial, sans-serif;\"><span style=\"color: #ffffff;\">Trailer: <\/span><a href=\"https:\/\/www.youtube.com\/watch?v=rwUEnjfGp-A\" target=\"_blank\" rel=\"noopener\" data-saferedirecturl=\"https:\/\/www.google.com\/url?q=https:\/\/www.youtube.com\/watch?v%3DrwUEnjfGp-A&amp;source=gmail&amp;ust=1673374469302000&amp;usg=AOvVaw3tToMRl0n7M0RdtN5XQ9Qz\">LINK<\/a><\/span><\/li><li><span style=\"font-family: arial, sans-serif;\"><span style=\"color: #ffffff;\">V\u00eddeo an\u00e1lisis independiente y muy completo: <\/span><a href=\"https:\/\/youtu.be\/3bpWQo86CBQ\" target=\"_blank\" rel=\"noopener\" data-saferedirecturl=\"https:\/\/www.google.com\/url?q=https:\/\/youtu.be\/EGIjvXTaOg4&amp;source=gmail&amp;ust=1673374469302000&amp;usg=AOvVaw2U5Bw-vZR7-dnrkWnpJROp\">LINK<\/a><\/span><\/li><\/ul><p>\u00a0<\/p><\/div><p><a href=\"http:\/\/radingames.com\/wp-content\/uploads\/2023\/01\/galacticonlevel3.gif\"><img decoding=\"async\" class=\"aligncenter size-full wp-image-674\" src=\"http:\/\/radingames.com\/wp-content\/uploads\/2023\/01\/galacticonlevel3.gif\" alt=\"\" width=\"600\" height=\"338\" \/><\/a><\/p><div><div dir=\"ltr\"><div dir=\"ltr\"><div dir=\"ltr\">\u00a1Much\u00edsimas gracias por vuestra atenci\u00f3n! y un cordial saludo.<\/div><\/div><\/div><\/div><div>\u00a0<\/div><div><span style=\"font-family: arial, sans-serif; color: #ffffff;\">Ferran Montesinos (CEO Radin games)<\/span><\/div><div><span style=\"font-family: arial, sans-serif; color: #ffffff;\">Phone: +34 629019465<\/span><\/div><div><span style=\"font-family: arial, sans-serif; color: #ffffff;\">Mail: info radingames.com<\/span><\/div><\/div><\/td><\/tr><\/tbody><\/table>\t\t\t\t\t\t\t\t<\/div>\n\t\t\t\t<\/div>\n\t\t\t\t\t<\/div>\n\t\t<\/div>\n\t\t\t\t\t<\/div>\n\t\t<\/section>\n\t\t\t\t<\/div>\n\t\t","protected":false},"excerpt":{"rendered":"<p>Galacticon &#8211; Kit de prensa \u00a0 \u00a1Hola!Queremos presentaros nuestro nuevo juego\u00a0Galacticon, lanzado hace s\u00f3lo unos meses en Nintendo Switch y Steam.Tras la gran acogida y mejores cr\u00edticas que el juego est\u00e1 recibiendo en su lanzamiento, y viendo que vuestro medio\u00a0no tiene una cr\u00edtica para Galacticon, estar\u00edamos encantados si aceptarais una\u00a0key\u00a0para hacerle un an\u00e1lisis, cr\u00edtica, menci\u00f3n&hellip;&nbsp;<a href=\"https:\/\/radingames.com\/index.php\/galacticon-kit-de-prensa\/\" rel=\"bookmark\">Read More &raquo;<span class=\"screen-reader-text\">Galacticon &#8211; Kit de prensa<\/span><\/a><\/p>\n","protected":false},"author":1,"featured_media":0,"parent":0,"menu_order":0,"comment_status":"closed","ping_status":"closed","template":"page-templates\/template-pagebuilder-full-width.php","meta":{"om_disable_all_campaigns":false,"_monsterinsights_skip_tracking":false,"_monsterinsights_sitenote_active":false,"_monsterinsights_sitenote_note":"","_monsterinsights_sitenote_category":0,"neve_meta_sidebar":"","neve_meta_container":"","neve_meta_enable_content_width":"","neve_meta_content_width":0,"neve_meta_title_alignment":"","neve_meta_author_avatar":"","neve_post_elements_order":"","neve_meta_disable_header":"","neve_meta_disable_footer":"","neve_meta_disable_title":"","footnotes":""},"class_list":["post-682","page","type-page","status-publish","hentry"],"aioseo_notices":[],"_links":{"self":[{"href":"https:\/\/radingames.com\/index.php\/wp-json\/wp\/v2\/pages\/682","targetHints":{"allow":["GET"]}}],"collection":[{"href":"https:\/\/radingames.com\/index.php\/wp-json\/wp\/v2\/pages"}],"about":[{"href":"https:\/\/radingames.com\/index.php\/wp-json\/wp\/v2\/types\/page"}],"author":[{"embeddable":true,"href":"https:\/\/radingames.com\/index.php\/wp-json\/wp\/v2\/users\/1"}],"replies":[{"embeddable":true,"href":"https:\/\/radingames.com\/index.php\/wp-json\/wp\/v2\/comments?post=682"}],"version-history":[{"count":7,"href":"https:\/\/radingames.com\/index.php\/wp-json\/wp\/v2\/pages\/682\/revisions"}],"predecessor-version":[{"id":689,"href":"https:\/\/radingames.com\/index.php\/wp-json\/wp\/v2\/pages\/682\/revisions\/689"}],"wp:attachment":[{"href":"https:\/\/radingames.com\/index.php\/wp-json\/wp\/v2\/media?parent=682"}],"curies":[{"name":"wp","href":"https:\/\/api.w.org\/{rel}","templated":true}]}}